{"id":1756,"date":"2022-04-19T10:35:51","date_gmt":"2022-04-19T10:35:51","guid":{"rendered":"https:\/\/demosites.royal-elementor-addons.com\/personal-blog-v2\/?page_id=142"},"modified":"2025-02-20T19:36:00","modified_gmt":"2025-02-20T19:36:00","slug":"nosotros","status":"publish","type":"page","link":"https:\/\/conkreto.cl\/conkreto\/nosotros\/","title":{"rendered":"Nosotros"},"content":{"rendered":"\t\t<div data-elementor-type=\"wp-page\" data-elementor-id=\"1756\" class=\"elementor elementor-1756\">\n\t\t\t\t\t\t<section class=\"elementor-section elementor-top-section elementor-element elementor-element-b6294ec elementor-section-boxed elementor-section-height-default elementor-section-height-default wpr-particle-no wpr-jarallax-no wpr-parallax-no wpr-sticky-section-no\" data-id=\"b6294ec\" data-element_type=\"section\">\n\t\t\t\t\t\t<div class=\"elementor-container elementor-column-gap-wide\">\n\t\t\t\t\t<div class=\"elementor-column elementor-col-100 elementor-top-column elementor-element elementor-element-59573c5\" data-id=\"59573c5\" data-element_type=\"column\">\n\t\t\t<div class=\"elementor-widget-wrap elementor-element-populated\">\n\t\t\t\t\t\t<div class=\"elementor-element elementor-element-0512a1c elementor-invisible elementor-widget elementor-widget-image\" data-id=\"0512a1c\" data-element_type=\"widget\" data-settings=\"{&quot;_animation&quot;:&quot;fadeInUp&quot;}\" data-widget_type=\"image.default\">\n\t\t\t\t<div class=\"elementor-widget-container\">\n\t\t\t\t\t\t\t\t\t\t\t\t\t\t\t<img fetchpriority=\"high\" decoding=\"async\" width=\"960\" height=\"641\" src=\"https:\/\/conkreto.cl\/conkreto\/wp-content\/uploads\/2025\/02\/Baner36-1024x684.jpg\" class=\"attachment-large size-large wp-image-2109\" alt=\"\" srcset=\"https:\/\/conkreto.cl\/conkreto\/wp-content\/uploads\/2025\/02\/Baner36-1024x684.jpg 1024w, https:\/\/conkreto.cl\/conkreto\/wp-content\/uploads\/2025\/02\/Baner36-300x200.jpg 300w, https:\/\/conkreto.cl\/conkreto\/wp-content\/uploads\/2025\/02\/Baner36-768x513.jpg 768w, https:\/\/conkreto.cl\/conkreto\/wp-content\/uploads\/2025\/02\/Baner36.jpg 1300w\" sizes=\"(max-width: 960px) 100vw, 960px\" \/>\t\t\t\t\t\t\t\t\t\t\t\t\t\t\t<\/div>\n\t\t\t\t<\/div>\n\t\t\t\t<div class=\"elementor-element elementor-element-9888def elementor-invisible elementor-widget elementor-widget-text-editor\" data-id=\"9888def\" data-element_type=\"widget\" data-settings=\"{&quot;_animation&quot;:&quot;fadeInDown&quot;}\" data-widget_type=\"text-editor.default\">\n\t\t\t\t<div class=\"elementor-widget-container\">\n\t\t\t\t\t\t\t\t\t<p>En <strong>Conkreto Ingenier\u00eda y Construcci\u00f3n<\/strong>, nos especializamos en el desarrollo de soluciones innovadoras y eficientes para la industria de la construcci\u00f3n. Desde nuestra fundaci\u00f3n en 2015, hemos evolucionado desde la remodelaci\u00f3n y habilitaci\u00f3n de espacios hasta convertirnos en un referente en obras civiles, participando en proyectos de gran envergadura en sectores clave como energ\u00edas renovables, servicios y log\u00edstica.<\/p><p>Nuestro equipo est\u00e1 compuesto por profesionales altamente calificados, comprometidos con la excelencia, la seguridad y la sostenibilidad. Creemos en la ingenier\u00eda como motor de transformaci\u00f3n y trabajamos con un enfoque integral, combinando tecnolog\u00eda, experiencia y un profundo conocimiento del sector para ofrecer soluciones a la medida de cada cliente.<\/p><p>Nos impulsa la confianza de quienes nos eligen para desarrollar sus proyectos, y nuestro compromiso es garantizar resultados de calidad, cumpliendo con los m\u00e1s altos est\u00e1ndares del mercado. En <strong>Conkreto Ingenier\u00eda y Construcci\u00f3n<\/strong>, construimos m\u00e1s que infraestructura: creamos soluciones para el futuro.<\/p>\t\t\t\t\t\t\t\t<\/div>\n\t\t\t\t<\/div>\n\t\t\t\t<div class=\"elementor-element elementor-element-b516fbd elementor-invisible elementor-widget elementor-widget-heading\" data-id=\"b516fbd\" data-element_type=\"widget\" data-settings=\"{&quot;_animation&quot;:&quot;fadeInUp&quot;}\" data-widget_type=\"heading.default\">\n\t\t\t\t<div class=\"elementor-widget-container\">\n\t\t\t\t\t<h2 class=\"elementor-heading-title elementor-size-default\">NUESTRA VISI\u00d3N<\/h2>\t\t\t\t<\/div>\n\t\t\t\t<\/div>\n\t\t\t\t<div class=\"elementor-element elementor-element-72c59b8 elementor-widget elementor-widget-text-editor\" data-id=\"72c59b8\" data-element_type=\"widget\" data-widget_type=\"text-editor.default\">\n\t\t\t\t<div class=\"elementor-widget-container\">\n\t\t\t\t\t\t\t\t\t<p>Ser reconocido como un socio estrat\u00e9gico para nuestros clientes y sus distintos proyectos,\u00a0 entregando nuestro compromiso, responsabilidad y experiencia, mediante una gesti\u00f3n cercana, comprometida y eficaz.<\/p>\t\t\t\t\t\t\t\t<\/div>\n\t\t\t\t<\/div>\n\t\t\t\t<div class=\"elementor-element elementor-element-e01dfdc elementor-invisible elementor-widget elementor-widget-image\" data-id=\"e01dfdc\" data-element_type=\"widget\" data-settings=\"{&quot;_animation&quot;:&quot;fadeInUp&quot;}\" data-widget_type=\"image.default\">\n\t\t\t\t<div class=\"elementor-widget-container\">\n\t\t\t\t\t\t\t\t\t\t\t\t\t\t\t<img decoding=\"async\" width=\"960\" height=\"641\" src=\"https:\/\/conkreto.cl\/conkreto\/wp-content\/uploads\/2025\/02\/Baner37-1024x684.jpg\" class=\"attachment-large size-large wp-image-2111\" alt=\"\" srcset=\"https:\/\/conkreto.cl\/conkreto\/wp-content\/uploads\/2025\/02\/Baner37-1024x684.jpg 1024w, https:\/\/conkreto.cl\/conkreto\/wp-content\/uploads\/2025\/02\/Baner37-300x200.jpg 300w, https:\/\/conkreto.cl\/conkreto\/wp-content\/uploads\/2025\/02\/Baner37-768x513.jpg 768w, https:\/\/conkreto.cl\/conkreto\/wp-content\/uploads\/2025\/02\/Baner37.jpg 1300w\" sizes=\"(max-width: 960px) 100vw, 960px\" \/>\t\t\t\t\t\t\t\t\t\t\t\t\t\t\t<\/div>\n\t\t\t\t<\/div>\n\t\t\t\t<div class=\"elementor-element elementor-element-23b0431 elementor-widget elementor-widget-heading\" data-id=\"23b0431\" data-element_type=\"widget\" data-widget_type=\"heading.default\">\n\t\t\t\t<div class=\"elementor-widget-container\">\n\t\t\t\t\t<h2 class=\"elementor-heading-title elementor-size-default\">NUESTRA MISI\u00d3N<\/h2>\t\t\t\t<\/div>\n\t\t\t\t<\/div>\n\t\t\t\t<div class=\"elementor-element elementor-element-ae2589b elementor-widget elementor-widget-text-editor\" data-id=\"ae2589b\" data-element_type=\"widget\" data-widget_type=\"text-editor.default\">\n\t\t\t\t<div class=\"elementor-widget-container\">\n\t\t\t\t\t\t\t\t\t<p>Ofrecer soluciones eficientes y sostenibles en cada uno\u00a0 de los proyectos y desaf\u00edos encomendados, contribuyendo de manera positiva a la sociedad y al planeta, alineados con nuestros clientes en el af\u00e1n de crear conciencia social sostenible.<\/p>\t\t\t\t\t\t\t\t<\/div>\n\t\t\t\t<\/div>\n\t\t\t\t<div class=\"elementor-element elementor-element-7f0db06 elementor-widget-divider--view-line elementor-widget elementor-widget-divider\" data-id=\"7f0db06\" data-element_type=\"widget\" data-widget_type=\"divider.default\">\n\t\t\t\t<div class=\"elementor-widget-container\">\n\t\t\t\t\t\t\t<div class=\"elementor-divider\">\n\t\t\t<span class=\"elementor-divider-separator\">\n\t\t\t\t\t\t<\/span>\n\t\t<\/div>\n\t\t\t\t\t\t<\/div>\n\t\t\t\t<\/div>\n\t\t\t\t\t<\/div>\n\t\t<\/div>\n\t\t\t\t\t<\/div>\n\t\t<\/section>\n\t\t\t\t<\/div>\n\t\t","protected":false},"excerpt":{"rendered":"<p>En Conkreto Ingenier\u00eda y Construcci\u00f3n, nos especializamos en el desarrollo de soluciones innovadoras y eficientes para la industria de la construcci\u00f3n. Desde nuestra fundaci\u00f3n en 2015, hemos evolucionado desde la remodelaci\u00f3n y habilitaci\u00f3n de espacios hasta convertirnos en un referente en obras civiles, participando en proyectos de gran envergadura en sectores clave como energ\u00edas renovables, servicios y log\u00edstica. Nuestro equipo est\u00e1 compuesto por profesionales altamente calificados, comprometidos con la excelencia, la seguridad y la sostenibilidad. Creemos en la ingenier\u00eda como motor de transformaci\u00f3n y trabajamos con un enfoque integral, combinando tecnolog\u00eda, experiencia y un profundo conocimiento del sector para ofrecer soluciones a la medida de cada cliente. Nos impulsa la confianza de quienes nos eligen para desarrollar sus proyectos, y nuestro compromiso es garantizar resultados de calidad, cumpliendo con los m\u00e1s altos est\u00e1ndares del mercado. En Conkreto Ingenier\u00eda y Construcci\u00f3n, construimos m\u00e1s que infraestructura: creamos soluciones para el futuro. NUESTRA VISI\u00d3N Ser reconocido como un socio estrat\u00e9gico para nuestros clientes y sus distintos proyectos,\u00a0 entregando nuestro compromiso, responsabilidad y experiencia, mediante una gesti\u00f3n cercana, comprometida y eficaz. NUESTRA MISI\u00d3N Ofrecer soluciones eficientes y sostenibles en cada uno\u00a0 de los proyectos y desaf\u00edos encomendados, contribuyendo de manera positiva a la sociedad y al planeta, alineados con nuestros clientes en el af\u00e1n de crear conciencia social sostenible.<\/p>\n","protected":false},"author":1,"featured_media":0,"parent":0,"menu_order":0,"comment_status":"closed","ping_status":"closed","template":"elementor_canvas","meta":{"footnotes":""},"class_list":["post-1756","page","type-page","status-publish","hentry"],"_links":{"self":[{"href":"https:\/\/conkreto.cl\/conkreto\/wp-json\/wp\/v2\/pages\/1756","targetHints":{"allow":["GET"]}}],"collection":[{"href":"https:\/\/conkreto.cl\/conkreto\/wp-json\/wp\/v2\/pages"}],"about":[{"href":"https:\/\/conkreto.cl\/conkreto\/wp-json\/wp\/v2\/types\/page"}],"author":[{"embeddable":true,"href":"https:\/\/conkreto.cl\/conkreto\/wp-json\/wp\/v2\/users\/1"}],"replies":[{"embeddable":true,"href":"https:\/\/conkreto.cl\/conkreto\/wp-json\/wp\/v2\/comments?post=1756"}],"version-history":[{"count":19,"href":"https:\/\/conkreto.cl\/conkreto\/wp-json\/wp\/v2\/pages\/1756\/revisions"}],"predecessor-version":[{"id":2136,"href":"https:\/\/conkreto.cl\/conkreto\/wp-json\/wp\/v2\/pages\/1756\/revisions\/2136"}],"wp:attachment":[{"href":"https:\/\/conkreto.cl\/conkreto\/wp-json\/wp\/v2\/media?parent=1756"}],"curies":[{"name":"wp","href":"https:\/\/api.w.org\/{rel}","templated":true}]}}