{"id":1758,"date":"2025-02-07T15:35:58","date_gmt":"2025-02-07T15:35:58","guid":{"rendered":"https:\/\/demosites.royal-elementor-addons.com\/personal-blog-v2\/?page_id=145"},"modified":"2025-02-20T19:38:33","modified_gmt":"2025-02-20T19:38:33","slug":"contacto","status":"publish","type":"page","link":"https:\/\/conkreto.cl\/conkreto\/contacto\/","title":{"rendered":"Contacto"},"content":{"rendered":"\t\t<div data-elementor-type=\"wp-page\" data-elementor-id=\"1758\" class=\"elementor elementor-1758\">\n\t\t\t\t\t\t<section class=\"elementor-section elementor-top-section elementor-element elementor-element-5d9f83f elementor-section-boxed elementor-section-height-default elementor-section-height-default wpr-particle-no wpr-jarallax-no wpr-parallax-no wpr-sticky-section-no\" data-id=\"5d9f83f\" data-element_type=\"section\">\n\t\t\t\t\t\t<div class=\"elementor-container elementor-column-gap-wide\">\n\t\t\t\t\t<div class=\"elementor-column elementor-col-100 elementor-top-column elementor-element elementor-element-1283cae\" data-id=\"1283cae\" data-element_type=\"column\">\n\t\t\t<div class=\"elementor-widget-wrap elementor-element-populated\">\n\t\t\t\t\t\t<div class=\"elementor-element elementor-element-bae15cb elementor-widget elementor-widget-heading\" data-id=\"bae15cb\" data-element_type=\"widget\" data-widget_type=\"heading.default\">\n\t\t\t\t<div class=\"elementor-widget-container\">\n\t\t\t\t\t<h2 class=\"elementor-heading-title elementor-size-default\">Cont\u00e1ctanos<\/h2>\t\t\t\t<\/div>\n\t\t\t\t<\/div>\n\t\t\t\t<div class=\"elementor-element elementor-element-fe7161c elementor-widget-divider--view-line elementor-widget elementor-widget-divider\" data-id=\"fe7161c\" data-element_type=\"widget\" data-widget_type=\"divider.default\">\n\t\t\t\t<div class=\"elementor-widget-container\">\n\t\t\t\t\t\t\t<div class=\"elementor-divider\">\n\t\t\t<span class=\"elementor-divider-separator\">\n\t\t\t\t\t\t<\/span>\n\t\t<\/div>\n\t\t\t\t\t\t<\/div>\n\t\t\t\t<\/div>\n\t\t\t\t<div class=\"elementor-element elementor-element-a20d3c9 elementor-invisible elementor-widget elementor-widget-text-editor\" data-id=\"a20d3c9\" data-element_type=\"widget\" data-settings=\"{&quot;_animation&quot;:&quot;fadeInDown&quot;}\" data-widget_type=\"text-editor.default\">\n\t\t\t\t<div class=\"elementor-widget-container\">\n\t\t\t\t\t\t\t\t\t<p>En <strong>Conkreto Ingenier\u00eda y Construcci\u00f3n<\/strong>, estamos listos para ayudarte a llevar tu proyecto al siguiente nivel. Ya sea que necesites asesor\u00eda en obras civiles, remodelaciones o soluciones en el sector de energ\u00edas renovables, nuestro equipo de expertos est\u00e1 preparado para brindarte la mejor atenci\u00f3n y acompa\u00f1arte en cada etapa del proceso.<\/p>\n<p>\ud83d\udce9 <strong>Escr\u00edbenos a <a href=\"mailto:proyectos@conkreto.cl\" target=\"_blank\" rel=\"noopener\">proyectos@conkreto.cl<\/a><\/strong> para consultas, cotizaciones o reuniones personalizadas.<\/p>\n<p>\ud83d\udccd <strong>Vis\u00edtanos<\/strong> en nuestras oficinas en: <strong>Apoquindo 6410, Of 605. Las Condes \u2013 Santiago <\/strong>y conoce m\u00e1s sobre nuestra experiencia y compromiso con la excelencia en ingenier\u00eda y construcci\u00f3n.<\/p>\n<p>Tu visi\u00f3n es nuestra prioridad. \u00a1Hablemos! \ud83d\udca1\ud83c\udfd7\ufe0f<\/p>\n<p><!-- \/wp:paragraph --><\/p>\t\t\t\t\t\t\t\t<\/div>\n\t\t\t\t<\/div>\n\t\t\t\t<div class=\"elementor-element elementor-element-74bba86 elementor-invisible elementor-widget elementor-widget-image\" data-id=\"74bba86\" data-element_type=\"widget\" data-settings=\"{&quot;_animation&quot;:&quot;fadeInUp&quot;}\" data-widget_type=\"image.default\">\n\t\t\t\t<div class=\"elementor-widget-container\">\n\t\t\t\t\t\t\t\t\t\t\t\t\t\t\t<img decoding=\"async\" src=\"https:\/\/conkreto.cl\/conkreto\/wp-content\/uploads\/elementor\/thumbs\/Baner38-r1sqywd8yuuhd1vepmlrs4napf4fv4g9z9mmsosdss.jpg\" title=\"Baner38\" alt=\"Baner38\" loading=\"lazy\" \/>\t\t\t\t\t\t\t\t\t\t\t\t\t\t\t<\/div>\n\t\t\t\t<\/div>\n\t\t\t\t\t<\/div>\n\t\t<\/div>\n\t\t\t\t\t<\/div>\n\t\t<\/section>\n\t\t\t\t<section class=\"elementor-section elementor-top-section elementor-element elementor-element-9375778 elementor-section-boxed elementor-section-height-default elementor-section-height-default wpr-particle-no wpr-jarallax-no wpr-parallax-no wpr-sticky-section-no\" data-id=\"9375778\" data-element_type=\"section\">\n\t\t\t\t\t\t<div class=\"elementor-container elementor-column-gap-default\">\n\t\t\t\t\t<div class=\"elementor-column elementor-col-100 elementor-top-column elementor-element elementor-element-167b69c\" data-id=\"167b69c\" data-element_type=\"column\">\n\t\t\t<div class=\"elementor-widget-wrap\">\n\t\t\t\t\t\t\t<\/div>\n\t\t<\/div>\n\t\t\t\t\t<\/div>\n\t\t<\/section>\n\t\t\t\t<\/div>\n\t\t","protected":false},"excerpt":{"rendered":"<p>Cont\u00e1ctanos En Conkreto Ingenier\u00eda y Construcci\u00f3n, estamos listos para ayudarte a llevar tu proyecto al siguiente nivel. Ya sea que necesites asesor\u00eda en obras civiles, remodelaciones o soluciones en el sector de energ\u00edas renovables, nuestro equipo de expertos est\u00e1 preparado para brindarte la mejor atenci\u00f3n y acompa\u00f1arte en cada etapa del proceso. \ud83d\udce9 Escr\u00edbenos a proyectos@conkreto.cl para consultas, cotizaciones o reuniones personalizadas. \ud83d\udccd Vis\u00edtanos en nuestras oficinas en: Apoquindo 6410, Of 605. Las Condes \u2013 Santiago y conoce m\u00e1s sobre nuestra experiencia y compromiso con la excelencia en ingenier\u00eda y construcci\u00f3n. Tu visi\u00f3n es nuestra prioridad. \u00a1Hablemos! \ud83d\udca1\ud83c\udfd7\ufe0f<\/p>\n","protected":false},"author":1,"featured_media":0,"parent":0,"menu_order":0,"comment_status":"closed","ping_status":"closed","template":"elementor_canvas","meta":{"footnotes":""},"class_list":["post-1758","page","type-page","status-publish","hentry"],"_links":{"self":[{"href":"https:\/\/conkreto.cl\/conkreto\/wp-json\/wp\/v2\/pages\/1758","targetHints":{"allow":["GET"]}}],"collection":[{"href":"https:\/\/conkreto.cl\/conkreto\/wp-json\/wp\/v2\/pages"}],"about":[{"href":"https:\/\/conkreto.cl\/conkreto\/wp-json\/wp\/v2\/types\/page"}],"author":[{"embeddable":true,"href":"https:\/\/conkreto.cl\/conkreto\/wp-json\/wp\/v2\/users\/1"}],"replies":[{"embeddable":true,"href":"https:\/\/conkreto.cl\/conkreto\/wp-json\/wp\/v2\/comments?post=1758"}],"version-history":[{"count":28,"href":"https:\/\/conkreto.cl\/conkreto\/wp-json\/wp\/v2\/pages\/1758\/revisions"}],"predecessor-version":[{"id":2142,"href":"https:\/\/conkreto.cl\/conkreto\/wp-json\/wp\/v2\/pages\/1758\/revisions\/2142"}],"wp:attachment":[{"href":"https:\/\/conkreto.cl\/conkreto\/wp-json\/wp\/v2\/media?parent=1758"}],"curies":[{"name":"wp","href":"https:\/\/api.w.org\/{rel}","templated":true}]}}